{"id":4976,"date":"2018-09-04T09:43:20","date_gmt":"2018-09-04T06:43:20","guid":{"rendered":"https:\/\/rigaiff.lv\/2018\/?page_id=4976"},"modified":"2018-10-05T16:19:13","modified_gmt":"2018-10-05T13:19:13","slug":"akreditacijas-pieteikums-industrijas-profesionaliem-2","status":"publish","type":"page","link":"https:\/\/2018.rigaiff.lv\/lv\/akreditacijas-pieteikums-industrijas-profesionaliem-2\/","title":{"rendered":"Akredit\u0101cijas pieteikums mediju p\u0101rst\u0101vjiem"},"content":{"rendered":"<p>Aicin\u0101m pieteikties medija akredit\u0101cijai, aizpildot \u0161o elektronisko formu l\u012bdz 28. septembrim.<\/p>\n<p>Festiv\u0101ls pilnu akredit\u0101ciju sp\u0113j nodro\u0161in\u0101t ierobe\u017eotam skaitam mediju p\u0101rst\u0101vju un t\u0101 tiek pie\u0161\u0137irta, \u0146emot v\u0113r\u0101 gan l\u012bdz \u0161im jau public\u0113tos materi\u0101lus, t\u0101 ar\u012b pl\u0101not\u0101s publik\u0101cijas.\u00a0Zi\u0146as par l\u0113mumu pie\u0161\u0137irt akredit\u0101ciju mediju p\u0101rst\u0101vjiem pl\u0101nots sniegt period\u0101 l\u012bdz 5. oktobrim. Festiv\u0101lam tuvojoties, akredit\u0113tie mediju p\u0101rst\u0101vji sa\u0146ems nor\u0101des par akredit\u0101cijas kar\u0161u sa\u0146em\u0161anu un to lieto\u0161anas noteikumiem.<\/p>\n<p>Neskaidr\u012bbu gad\u012bjum\u0101 l\u016bdzam sazin\u0101ties ar RIGA IFF mediju koordinatori El\u012bnu Kanelu:\u00a0<a href=\"mailto:press@rigaiff.lv\">press@rigaiff.lv<\/a><\/p>\n<p>[vfb id=&#8217;45&#8217;]<\/p>\n<p><b>Iesniedzot savus datus J\u016bs piekr\u012btat, ka Biedr\u012bba &#8220;R\u012bgas Starptautiskais kino festiv\u0101ls&#8221;, re\u0123.Nr 40008217350, adrese Bazn\u012bcas iela 8-3, R\u012bga, LV-1010, Latvija, izmantos tos, lai izskat\u012btu pieteikumu un sazin\u0101tos ar Jums. <\/b><\/p>\n<p><a href=\"mailto:admissions@rigaiff.lv\">admissions@rigaiff.lv<\/a><\/p>","protected":false},"excerpt":{"rendered":"<p>Aicin\u0101m pieteikties medija akredit\u0101cijai, aizpildot \u0161o elektronisko formu l\u012bdz 28. septembrim.<\/p>\n<p>Festiv\u0101ls pilnu akredit\u0101ciju sp\u0113j nodro\u0161in\u0101t ierobe\u017eotam skaitam mediju p\u0101rst\u0101vju un t\u0101 tiek pie\u0161\u0137irta, \u0146emot v\u0113r\u0101 gan l\u012bdz \u0161im jau public\u0113tos materi\u0101lus, t\u0101 ar\u012b pl\u0101not\u0101s publik\u0101cijas.\u00a0Zi\u0146as par l\u0113mumu pie\u0161\u0137irt akredit\u0101ciju mediju p\u0101rst\u0101vjiem pl\u0101nots sniegt period\u0101 l\u012bdz 5. oktobrim. Festiv\u0101lam tuvojoties, akredit\u0113tie mediju p\u0101rst\u0101vji sa\u0146ems nor\u0101des par akredit\u0101cijas kar\u0161u sa\u0146em\u0161anu un to lieto\u0161anas noteikumiem.<\/p>\n<p>Neskaidr\u012bbu gad\u012bjum\u0101 l\u016bdzam sazin\u0101ties ar RIGA IFF mediju koordinatori El\u012bnu Kanelu:\u00a0<a href=\"mailto:press@rigaiff.lv\">press@rigaiff.lv<\/a><\/p>\n<p>[vfb id=&#8217;45&#8217;]<\/p>\n<p>Iesniedzot savus datus J\u016bs piekr\u012btat, ka Biedr\u012bba &#8220;R\u012bgas Starptautiskais kino festiv\u0101ls&#8221;, re\u0123.Nr 40008217350, adrese Bazn\u012bcas iela 8-3, R\u012bga, LV-1010, Latvija, izmantos tos, lai izskat\u012btu pieteikumu un sazin\u0101tos ar Jums. <\/p>\n<p><a href=\"mailto:admissions@rigaiff.lv\">admissions@rigaiff.lv<\/a><\/p>","protected":false},"author":1,"featured_media":0,"parent":0,"menu_order":0,"comment_status":"closed","ping_status":"closed","template":"template_bstrap.php","meta":{"footnotes":""},"_links":{"self":[{"href":"https:\/\/2018.rigaiff.lv\/lv\/wp-json\/wp\/v2\/pages\/4976"}],"collection":[{"href":"https:\/\/2018.rigaiff.lv\/lv\/wp-json\/wp\/v2\/pages"}],"about":[{"href":"https:\/\/2018.rigaiff.lv\/lv\/wp-json\/wp\/v2\/types\/page"}],"author":[{"embeddable":true,"href":"https:\/\/2018.rigaiff.lv\/lv\/wp-json\/wp\/v2\/users\/1"}],"replies":[{"embeddable":true,"href":"https:\/\/2018.rigaiff.lv\/lv\/wp-json\/wp\/v2\/comments?post=4976"}],"version-history":[{"count":4,"href":"https:\/\/2018.rigaiff.lv\/lv\/wp-json\/wp\/v2\/pages\/4976\/revisions"}],"predecessor-version":[{"id":5908,"href":"https:\/\/2018.rigaiff.lv\/lv\/wp-json\/wp\/v2\/pages\/4976\/revisions\/5908"}],"wp:attachment":[{"href":"https:\/\/2018.rigaiff.lv\/lv\/wp-json\/wp\/v2\/media?parent=4976"}],"curies":[{"name":"wp","href":"https:\/\/api.w.org\/{rel}","templated":true}]}}