{"id":4894,"date":"2018-08-30T14:48:56","date_gmt":"2018-08-30T11:48:56","guid":{"rendered":"https:\/\/rigaiff.lv\/2018\/?page_id=4894"},"modified":"2018-09-18T15:17:34","modified_gmt":"2018-09-18T12:17:34","slug":"riga-iff-volunteer-registration-form-page","status":"publish","type":"page","link":"https:\/\/2018.rigaiff.lv\/lv\/riga-iff-volunteer-registration-form-page\/","title":{"rendered":"B\u016bt da\u013cai no festiv\u0101la RIGA IFF br\u012bvpr\u0101t\u012bgo komand\u0101"},"content":{"rendered":"<p>Ar katru gadu aug ne vien festiv\u0101la pas\u0101kumu un filmu programma, bet ar\u012b iesp\u0113jas iesaist\u012bties festiv\u0101la veido\u0161an\u0101. Br\u012bvpr\u0101t\u012bgais darbs kult\u016bras pas\u0101kumos ir lieliska iesp\u0113ja g\u016bt pieredzi attiec\u012bgaj\u0101 nozar\u0113, darb\u0101 ar cilv\u0113kiem, b\u016bt par da\u013cu no sabiedr\u012bbas izaugsmes, ta\u010du kino festiv\u0101l\u0101 \u2014 t\u0101 ir ar\u012b iesp\u0113ja redz\u0113t daudz, daudz filmu!\u00a0Un kas svar\u012bgi \u2014 katru gadu sastopam k\u0101du br\u012bvpr\u0101t\u012bgo, kura sp\u0113jas un atbild\u012bbas saj\u016bta \u013cauj mums apsv\u0113rt darba pied\u0101v\u0101juma izteik\u0161anu. Piesakies, aizpildot <a href=\"https:\/\/rigaiff.lv\/2018\/lv\/riga-iff-volunteer-registration-form\/\">anketu<\/a>!<\/p>\n<p>Savu laiku br\u012bvpr\u0101t\u012bgie var pl\u0101not gan izv\u0113loties iesaistes periodu, gan mai\u0146u (r\u012bts, diena un vakars). Darbi s\u0101kas jau 17. septembr\u012b, bet galvenais periods ir festiv\u0101la laiks \u2014 no 18. l\u012bdz 31. oktobrim. Un neuztraucies \u2014 m\u0113s ar Tevi tiksimies intervij\u0101, kur\u0101 m\u0113s iepaz\u012bsimies un atrad\u012bsim vislab\u0101ko iesaistes veidu!<\/p>\n<p>\u0160ogad aicin\u0101m interesentus pieteikties br\u012bvpr\u0101t\u012bgajam darbam festiv\u0101l\u0101 da\u017e\u0101dos departamentos:<\/p>\n<ul>\n<li>darb\u0101 ar starptautiskajiem nozares profesion\u0101\u013ciem un festiv\u0101la viesiem<\/li>\n<li>kino seansu organiz\u0113\u0161an\u0101<\/li>\n<li>pas\u0101kumu gatavo\u0161an\u0101<\/li>\n<li>lo\u0123istik\u0101<\/li>\n<li>kinote\u0101tru noform\u0113\u0161an\u0101<\/li>\n<li>darbs ar audiovizu\u0101lo materi\u0101lu (foto un video)<\/li>\n<li>un cit\u0101s sf\u0113r\u0101s, kur noder uzc\u012bt\u012bba un izdar\u012bba, ass pr\u0101ts, stipras rokas vai draudz\u012bgums<\/li>\n<\/ul>\n<p><span lang=\"LV\">Br\u012bvpr\u0101t\u012bg\u0101 darbam var pieteikties ikviens 16 gadu vecumu sasniegu\u0161ais \u2014 jauns vai vecs \u2014, ta\u010du j\u0101b\u016bt gataviem festiv\u0101l\u0101 ieguld\u012bt vismaz 30 darba stundu.\u00a0<\/span>Lai k\u013c\u016btu par da\u013cu no festiv\u0101la komandas, aizpildiet br\u012bvpr\u0101t\u012bg\u0101 darba pieteikuma anketu zem\u0101k.<\/p>","protected":false},"excerpt":{"rendered":"<p>Ar katru gadu aug ne vien festiv\u0101la pas\u0101kumu un filmu programma, bet ar\u012b iesp\u0113jas iesaist\u012bties festiv\u0101la veido\u0161an\u0101. Br\u012bvpr\u0101t\u012bgais darbs kult\u016bras pas\u0101kumos ir lieliska iesp\u0113ja g\u016bt pieredzi attiec\u012bgaj\u0101 nozar\u0113, darb\u0101 ar cilv\u0113kiem, b\u016bt par da\u013cu no sabiedr\u012bbas izaugsmes, ta\u010du kino festiv\u0101l\u0101 \u2014 t\u0101 ir ar\u012b iesp\u0113ja redz\u0113t daudz, daudz filmu!\u00a0Un kas svar\u012bgi \u2014 katru gadu sastopam k\u0101du br\u012bvpr\u0101t\u012bgo, kura sp\u0113jas un atbild\u012bbas saj\u016bta \u013cauj mums apsv\u0113rt darba pied\u0101v\u0101juma izteik\u0161anu. Piesakies, aizpildot <a href=\"https:\/\/rigaiff.lv\/2018\/lv\/riga-iff-volunteer-registration-form\/\">anketu<\/a>!<\/p>\n<p>Savu laiku br\u012bvpr\u0101t\u012bgie var pl\u0101not gan izv\u0113loties iesaistes periodu, gan mai\u0146u (r\u012bts, diena un vakars). Darbi s\u0101kas jau 17. septembr\u012b, bet galvenais periods ir festiv\u0101la laiks \u2014 no 18. l\u012bdz 31. oktobrim. Un neuztraucies \u2014 m\u0113s ar Tevi tiksimies intervij\u0101, kur\u0101 m\u0113s iepaz\u012bsimies un atrad\u012bsim vislab\u0101ko iesaistes veidu!<\/p>\n<p>\u0160ogad aicin\u0101m interesentus pieteikties br\u012bvpr\u0101t\u012bgajam darbam festiv\u0101l\u0101 da\u017e\u0101dos departamentos:<\/p>\n<ul>\n<li>darb\u0101 ar starptautiskajiem nozares profesion\u0101\u013ciem un festiv\u0101la viesiem<\/li>\n<li>kino seansu organiz\u0113\u0161an\u0101<\/li>\n<li>pas\u0101kumu gatavo\u0161an\u0101<\/li>\n<li>lo\u0123istik\u0101<\/li>\n<li>kinote\u0101tru noform\u0113\u0161an\u0101<\/li>\n<li>darbs ar audiovizu\u0101lo materi\u0101lu (foto un video)<\/li>\n<li>un cit\u0101s sf\u0113r\u0101s, kur noder uzc\u012bt\u012bba un izdar\u012bba, ass pr\u0101ts, stipras rokas vai draudz\u012bgums<\/li>\n<\/ul>\n<p>Br\u012bvpr\u0101t\u012bg\u0101 darbam var pieteikties ikviens 16 gadu vecumu sasniegu\u0161ais \u2014 jauns vai vecs \u2014, ta\u010du j\u0101b\u016bt gataviem festiv\u0101l\u0101 ieguld\u012bt vismaz 30 darba stundu.\u00a0Lai k\u013c\u016btu par da\u013cu no festiv\u0101la komandas, aizpildiet br\u012bvpr\u0101t\u012bg\u0101 darba pieteikuma anketu zem\u0101k.<\/p>","protected":false},"author":1,"featured_media":4924,"parent":0,"menu_order":0,"comment_status":"closed","ping_status":"closed","template":"volunteers.php","meta":{"footnotes":""},"_links":{"self":[{"href":"https:\/\/2018.rigaiff.lv\/lv\/wp-json\/wp\/v2\/pages\/4894"}],"collection":[{"href":"https:\/\/2018.rigaiff.lv\/lv\/wp-json\/wp\/v2\/pages"}],"about":[{"href":"https:\/\/2018.rigaiff.lv\/lv\/wp-json\/wp\/v2\/types\/page"}],"author":[{"embeddable":true,"href":"https:\/\/2018.rigaiff.lv\/lv\/wp-json\/wp\/v2\/users\/1"}],"replies":[{"embeddable":true,"href":"https:\/\/2018.rigaiff.lv\/lv\/wp-json\/wp\/v2\/comments?post=4894"}],"version-history":[{"count":23,"href":"https:\/\/2018.rigaiff.lv\/lv\/wp-json\/wp\/v2\/pages\/4894\/revisions"}],"predecessor-version":[{"id":5737,"href":"https:\/\/2018.rigaiff.lv\/lv\/wp-json\/wp\/v2\/pages\/4894\/revisions\/5737"}],"wp:featuredmedia":[{"embeddable":true,"href":"https:\/\/2018.rigaiff.lv\/lv\/wp-json\/wp\/v2\/media\/4924"}],"wp:attachment":[{"href":"https:\/\/2018.rigaiff.lv\/lv\/wp-json\/wp\/v2\/media?parent=4894"}],"curies":[{"name":"wp","href":"https:\/\/api.w.org\/{rel}","templated":true}]}}