{"id":4888,"date":"2018-08-30T14:23:55","date_gmt":"2018-08-30T11:23:55","guid":{"rendered":"https:\/\/rigaiff.lv\/2018\/?page_id=4888"},"modified":"2018-08-31T12:13:48","modified_gmt":"2018-08-31T09:13:48","slug":"riga-iff-volunteer-registration-form","status":"publish","type":"page","link":"https:\/\/2018.rigaiff.lv\/lv\/riga-iff-volunteer-registration-form\/","title":{"rendered":"RIGA IFF BR\u012aVPR\u0100T\u012aGO RE\u0122ISTR\u0100CIJAS ANKETA"},"content":{"rendered":"<p>[vfb id=&#8217;32&#8217;]<\/p>","protected":false},"excerpt":{"rendered":"<p>[vfb id=&#8217;32&#8217;]<\/p>","protected":false},"author":1,"featured_media":0,"parent":0,"menu_order":0,"comment_status":"closed","ping_status":"closed","template":"template_bstrap.php","meta":{"footnotes":""},"_links":{"self":[{"href":"https:\/\/2018.rigaiff.lv\/lv\/wp-json\/wp\/v2\/pages\/4888"}],"collection":[{"href":"https:\/\/2018.rigaiff.lv\/lv\/wp-json\/wp\/v2\/pages"}],"about":[{"href":"https:\/\/2018.rigaiff.lv\/lv\/wp-json\/wp\/v2\/types\/page"}],"author":[{"embeddable":true,"href":"https:\/\/2018.rigaiff.lv\/lv\/wp-json\/wp\/v2\/users\/1"}],"replies":[{"embeddable":true,"href":"https:\/\/2018.rigaiff.lv\/lv\/wp-json\/wp\/v2\/comments?post=4888"}],"version-history":[{"count":5,"href":"https:\/\/2018.rigaiff.lv\/lv\/wp-json\/wp\/v2\/pages\/4888\/revisions"}],"predecessor-version":[{"id":4915,"href":"https:\/\/2018.rigaiff.lv\/lv\/wp-json\/wp\/v2\/pages\/4888\/revisions\/4915"}],"wp:attachment":[{"href":"https:\/\/2018.rigaiff.lv\/lv\/wp-json\/wp\/v2\/media?parent=4888"}],"curies":[{"name":"wp","href":"https:\/\/api.w.org\/{rel}","templated":true}]}}