{"id":2140,"date":"2018-05-21T17:15:24","date_gmt":"2018-05-21T14:15:24","guid":{"rendered":"http:\/\/rigaiff.lv\/2018\/?page_id=2140"},"modified":"2018-09-04T15:39:30","modified_gmt":"2018-09-04T12:39:30","slug":"industry-pass-terms-and-conditions","status":"publish","type":"page","link":"https:\/\/2018.rigaiff.lv\/lv\/industry-pass-terms-and-conditions\/","title":{"rendered":"Nosac\u012bjumi un instrukcija"},"content":{"rendered":"<p><\/p>\n<p dir=\"ltr\">Akredit\u0101cija nozares profesion\u0101\u013ciem notiek elektroniski, aizpildot un iesniedzot akredit\u0101cijas pieteikumu ne v\u0113l\u0101k k\u0101 l\u012bdz 4. oktobrim. Pieteikumi tiks izskat\u012bti 3 dienu laik\u0101. P\u0113c nor\u0101d\u012bt\u0101 datuma akredit\u0101ciju pieteikumi netiks pie\u0146emti. Akredit\u0101ciju skaits ir ierobe\u017eots un katrs akredit\u0101cijas pieteikums tiks izskat\u012bts atsevi\u0161\u0137i. L\u0113mums par akredit\u0101cijas pie\u0161\u0137ir\u0161anu tiks dar\u012bts zin\u0101ms katram akredit\u0101cijas piepras\u012bt\u0101jam individu\u0101li. Ja akredit\u0101cija tiks apstiprin\u0101ta, e-past\u0101 tiks nos\u016bt\u012bts r\u0113\u0137ins, kas j\u0101apmaks\u0101 5 dienu laik\u0101.<\/p>\n<p dir=\"ltr\">Akredit\u0101cijas kartes var\u0113s iz\u0146emt, s\u0101kot no \u0161.g. 18. oktobra RIGA IFF festiv\u0101la INFO centr\u0101 &#8211; kinote\u0101tr\u012b Splendid Palace, \u00a0Elizabetes iel\u0101 61 &#8211; l\u012bdzi \u0146emot personu apliecino\u0161u dokumentu.<\/p>\n<p dir=\"ltr\">AKREDIT\u0100CIJAS KARTE b\u016bs J\u016bsu caurlaide kino festiv\u0101l\u0101, un ar to iesp\u0113jams apmekl\u0113t J\u016bsu izv\u0113l\u0113tos seansus. Uz katru seansu Jums ir iesp\u0113ja iz\u0146emt vienu bi\u013ceti.<\/p>\n<p dir=\"ltr\">AKREDIT\u0100CIJAS KARTEI tiks pie\u0161\u0137irts unik\u0101ls 10 ciparu KODS, kuru b\u016bs j\u0101izmanto, izv\u0113loties seansus.<\/p>\n<p dir=\"ltr\">Lai iz\u0146emtu bi\u013cetes:<\/p>\n<ul>\n<li dir=\"ltr\">\n<p dir=\"ltr\">Izv\u0113lies seansu*<\/p>\n<\/li>\n<li dir=\"ltr\">\n<p dir=\"ltr\">Spied PIRKT<\/p>\n<\/li>\n<li dir=\"ltr\">\n<p dir=\"ltr\">Ievadi savu 10 ciparu KODU un APSTIPRINI (VISU)*<\/p>\n<\/li>\n<li dir=\"ltr\">\n<p dir=\"ltr\">Pievieno V\u0112LAMO BI\u013bE\u0160U SKAITU pirkuma grozam*<\/p>\n<\/li>\n<li dir=\"ltr\">\n<p dir=\"ltr\">P\u0101rskati savu izv\u0113li un p\u0101rliecinieties, ka SUMMA IR \u20ac 0,00<\/p>\n<\/li>\n<li dir=\"ltr\">\n<p dir=\"ltr\">Spied APMAKS\u0100T<\/p>\n<\/li>\n<li dir=\"ltr\">\n<p dir=\"ltr\">Seansu bi\u013cetes sa\u0146emsi uz nor\u0101d\u012bto e-pasta adresi<\/p>\n<\/li>\n<\/ul>\n<p dir=\"ltr\">*Vienas sesijas ietvaros j\u016bs varat izv\u0113l\u0113ties bi\u013cetes uz vair\u0101kiem seansiem. Katra n\u0101kam\u0101 seansa bi\u013cetes j\u0101pievieno grozam. Iepriek\u0161 ievad\u012btais 10 ciparu kods ir akt\u012bvs visu sesijas laiku.<\/p>\n<p dir=\"ltr\">Re\u0123istr\u0113\u0161an\u0101s nav oblig\u0101ta, bet, ja v\u0113laties pa\u0101trin\u0101t procesu n\u0101kamaj\u0101 reiz\u0113, Jums ir j\u0101veic re\u0123istr\u0101cija sist\u0113m\u0101, ievadot V\u0101rdu, Uzv\u0101rdu un e-pasta adresi.<\/p>\n<p dir=\"ltr\">Bi\u013cetes ir iesp\u0113jams iz\u0146emt ar\u012b vis\u0101s SIA Bi\u013ce\u0161u Serviss kas\u0113s.<\/p>\n<p dir=\"ltr\">Pilna RIGA IFF 2018 \u00a0programma, seansu un pas\u0101kumu pl\u0101ns no 26. septembra b\u016bs pieejams festiv\u0101la m\u0101jaslap\u0101 <a href=\"http:\/\/www.rigaiff.lv\/\" target=\"_blank\" rel=\"noopener\" data-saferedirecturl=\"https:\/\/www.google.com\/url?q=http:\/\/www.rigaiff.lv\/&amp;source=gmail&amp;ust=1536151082599000&amp;usg=AFQjCNEmgK5rqbe7RaSBLuZBVuEMEB4SxA\">www.rigaiff.lv<\/a>.<\/p>\n<p dir=\"ltr\">SVAR\u012aGI:<\/p>\n<p dir=\"ltr\">Pie ieejas auditorij\u0101 Jums b\u016bs j\u0101uzr\u0101da iz\u0146emt\u0101 bi\u013cete kop\u0101 ar J\u016bsu akredit\u0101cijas karti.<\/p>\n<p dir=\"ltr\">Akredit\u0101cijas kar\u0161u \u012bpa\u0161niekiem ir rezerv\u0113ts ierobe\u017eots skaits bi\u013ce\u0161u uz katru seansu, t\u0101p\u0113c Riga IFF negarant\u0113, ka bi\u013cetes vienm\u0113r b\u016bs pieejamas.<\/p>\n<p dir=\"ltr\">Lai nenon\u0101ktu situ\u0101cij\u0101, kad viss akredit\u0113t\u0101ciju \u012bpa\u0161niekiem atv\u0113l\u0113tais bi\u013ce\u0161u daudzums seans\u0101 jau ir rezerv\u0113ts, Iesak\u0101m izv\u0113l\u0113ties seansus p\u0113c iesp\u0113jas laic\u012bg\u0101k. Ja akredit\u0101cij\u0101m rezerv\u0113t\u0101s bi\u013cetes uz seansu beigu\u0161\u0101s, aicin\u0101m j\u016bs izmantot alternat\u012bvu iesp\u0113ju iek\u013c\u016bt izv\u0113l\u0113taj\u0101 seans\u0101 &#8211; gaidot uz br\u012bvaj\u0101m viet\u0101m pie ieejas z\u0101l\u0113 pirms izv\u0113l\u0113t\u0101 seansa s\u0101kuma. \u0160aj\u0101 gad\u012bjum\u0101 b\u016bs j\u0101uzr\u0101da tikai akredit\u0101cijas karte.<\/p>\n<p dir=\"ltr\">Karti nedr\u012bkst nodot lieto\u0161an\u0101 cit\u0101m person\u0101m.<\/p>\n<p dir=\"ltr\">Kartes nozaud\u0113\u0161anas gad\u012bjum\u0101 l\u016bdzam v\u0113rsties RIGA IFF Info centr\u0101.<\/p>\n<p dir=\"ltr\">Jaut\u0101jumu gad\u012bjum\u0101 l\u016bdzam sazin\u0101ties ar RIGA IFF Akredit\u0101ciju departamentu <a href=\"mailto:admissions@rigaiff.lv\">admissions@rigaiff.lv<\/a><\/p>\n<p><\/p>","protected":false},"excerpt":{"rendered":"<p><\/p>\n<p dir=\"ltr\">Akredit\u0101cija nozares profesion\u0101\u013ciem notiek elektroniski, aizpildot un iesniedzot akredit\u0101cijas pieteikumu ne v\u0113l\u0101k k\u0101 l\u012bdz 4. oktobrim. Pieteikumi tiks izskat\u012bti 3 dienu laik\u0101. P\u0113c nor\u0101d\u012bt\u0101 datuma akredit\u0101ciju pieteikumi netiks pie\u0146emti. Akredit\u0101ciju skaits ir ierobe\u017eots un katrs akredit\u0101cijas pieteikums tiks izskat\u012bts atsevi\u0161\u0137i. L\u0113mums par akredit\u0101cijas pie\u0161\u0137ir\u0161anu tiks dar\u012bts zin\u0101ms katram akredit\u0101cijas piepras\u012bt\u0101jam individu\u0101li. Ja akredit\u0101cija tiks apstiprin\u0101ta, e-past\u0101 tiks nos\u016bt\u012bts r\u0113\u0137ins, kas j\u0101apmaks\u0101 5 dienu laik\u0101.<\/p>\n<p dir=\"ltr\">Akredit\u0101cijas kartes var\u0113s iz\u0146emt, s\u0101kot no \u0161.g. 18. oktobra RIGA IFF festiv\u0101la INFO centr\u0101 &#8211; kinote\u0101tr\u012b Splendid Palace, \u00a0Elizabetes iel\u0101 61 &#8211; l\u012bdzi \u0146emot personu apliecino\u0161u dokumentu.<\/p>\n<p dir=\"ltr\">AKREDIT\u0100CIJAS KARTE b\u016bs J\u016bsu caurlaide kino festiv\u0101l\u0101, un ar to iesp\u0113jams apmekl\u0113t J\u016bsu izv\u0113l\u0113tos seansus. Uz katru seansu Jums ir iesp\u0113ja iz\u0146emt vienu bi\u013ceti.<\/p>\n<p dir=\"ltr\">AKREDIT\u0100CIJAS KARTEI tiks pie\u0161\u0137irts unik\u0101ls 10 ciparu KODS, kuru b\u016bs j\u0101izmanto, izv\u0113loties seansus.<\/p>","protected":false},"author":1,"featured_media":0,"parent":0,"menu_order":0,"comment_status":"closed","ping_status":"closed","template":"template_bstrap.php","meta":{"footnotes":""},"_links":{"self":[{"href":"https:\/\/2018.rigaiff.lv\/lv\/wp-json\/wp\/v2\/pages\/2140"}],"collection":[{"href":"https:\/\/2018.rigaiff.lv\/lv\/wp-json\/wp\/v2\/pages"}],"about":[{"href":"https:\/\/2018.rigaiff.lv\/lv\/wp-json\/wp\/v2\/types\/page"}],"author":[{"embeddable":true,"href":"https:\/\/2018.rigaiff.lv\/lv\/wp-json\/wp\/v2\/users\/1"}],"replies":[{"embeddable":true,"href":"https:\/\/2018.rigaiff.lv\/lv\/wp-json\/wp\/v2\/comments?post=2140"}],"version-history":[{"count":9,"href":"https:\/\/2018.rigaiff.lv\/lv\/wp-json\/wp\/v2\/pages\/2140\/revisions"}],"predecessor-version":[{"id":4989,"href":"https:\/\/2018.rigaiff.lv\/lv\/wp-json\/wp\/v2\/pages\/2140\/revisions\/4989"}],"wp:attachment":[{"href":"https:\/\/2018.rigaiff.lv\/lv\/wp-json\/wp\/v2\/media?parent=2140"}],"curies":[{"name":"wp","href":"https:\/\/api.w.org\/{rel}","templated":true}]}}