{"id":4976,"date":"2018-09-04T09:43:20","date_gmt":"2018-09-04T06:43:20","guid":{"rendered":"https:\/\/rigaiff.lv\/2018\/?page_id=4976"},"modified":"2018-10-05T16:19:13","modified_gmt":"2018-10-05T13:19:13","slug":"akreditacijas-pieteikums-industrijas-profesionaliem-2","status":"publish","type":"page","link":"https:\/\/2018.rigaiff.lv\/en\/akreditacijas-pieteikums-industrijas-profesionaliem-2\/","title":{"rendered":"Accreditation Form For Media Representatives"},"content":{"rendered":"<p>Please submit the form below until September 28 to apply for RIGA IFF 2018 MEDIA PASS.<\/p>\n<p>The festival can only ensure a limited amount of accredited media personnel and the selection is guided both by already published and planned materials covering the festival.\u00a0Each application will be processed and a reply to each is planned until October 5.\u00a0As the festival closes in, each accredited media representative shall be provided with instructions on how to receive and use their passes.<\/p>\n<p>Should there be any additional questions, please contact the RIGA IFF Media Coordinator El\u012bna Kanela: <a href=\"mailto:press@rigaiff.lv\">press@rigaiff.lv<\/a><\/p>\n<p>[vfb id=&#8217;44&#8217;]<\/p>\n<p><b>By submitting your data you agree for Biedr\u012bba &#8220;R\u012bgas Starptautiskais kino festiv\u0101ls&#8221;, Reg.No. 40008217350, address Bazn\u012bcas iela 8-3, R\u012bga, LV-1010, Latvia to use them for reviewing your application and getting in touch with you. <\/b><\/p>\n<p><a href=\"mailto:admissions@rigaiff.lv\">admissions@rigaiff.lv<\/a><\/p>","protected":false},"excerpt":{"rendered":"<p>Please submit the form below until September 28 to apply for RIGA IFF 2018 MEDIA PASS.<\/p>\n<p>The festival can only ensure a limited amount of accredited media personnel and the selection is guided both by already published and planned materials covering the festival.\u00a0Each application will be processed and a reply to each is planned until October 5.\u00a0As the festival closes in, each accredited media representative shall be provided with instructions on how to receive and use their passes.<\/p>\n<p>Should there be any additional questions, please contact the RIGA IFF Media Coordinator El\u012bna Kanela: <a href=\"mailto:press@rigaiff.lv\">press@rigaiff.lv<\/a><\/p>\n<p>[vfb id=&#8217;44&#8217;]<\/p>\n<p>By submitting your data you agree for Biedr\u012bba &#8220;R\u012bgas Starptautiskais kino festiv\u0101ls&#8221;, Reg.No. 40008217350, address Bazn\u012bcas iela 8-3, R\u012bga, LV-1010, Latvia to use them for reviewing your application and getting in touch with you. <\/p>\n<p><a href=\"mailto:admissions@rigaiff.lv\">admissions@rigaiff.lv<\/a><\/p>","protected":false},"author":1,"featured_media":0,"parent":0,"menu_order":0,"comment_status":"closed","ping_status":"closed","template":"template_bstrap.php","meta":{"footnotes":""},"_links":{"self":[{"href":"https:\/\/2018.rigaiff.lv\/en\/wp-json\/wp\/v2\/pages\/4976"}],"collection":[{"href":"https:\/\/2018.rigaiff.lv\/en\/wp-json\/wp\/v2\/pages"}],"about":[{"href":"https:\/\/2018.rigaiff.lv\/en\/wp-json\/wp\/v2\/types\/page"}],"author":[{"embeddable":true,"href":"https:\/\/2018.rigaiff.lv\/en\/wp-json\/wp\/v2\/users\/1"}],"replies":[{"embeddable":true,"href":"https:\/\/2018.rigaiff.lv\/en\/wp-json\/wp\/v2\/comments?post=4976"}],"version-history":[{"count":4,"href":"https:\/\/2018.rigaiff.lv\/en\/wp-json\/wp\/v2\/pages\/4976\/revisions"}],"predecessor-version":[{"id":5908,"href":"https:\/\/2018.rigaiff.lv\/en\/wp-json\/wp\/v2\/pages\/4976\/revisions\/5908"}],"wp:attachment":[{"href":"https:\/\/2018.rigaiff.lv\/en\/wp-json\/wp\/v2\/media?parent=4976"}],"curies":[{"name":"wp","href":"https:\/\/api.w.org\/{rel}","templated":true}]}}